{"id":107591,"date":"2026-02-12T23:35:28","date_gmt":"2026-02-12T23:35:28","guid":{"rendered":"https:\/\/t-med.ro\/c\/?page_id=107591"},"modified":"2026-02-12T23:37:01","modified_gmt":"2026-02-12T23:37:01","slug":"cookie","status":"publish","type":"page","link":"https:\/\/t-med.ro\/c\/cookie\/","title":{"rendered":"Cookie"},"content":{"rendered":"<p>[et_pb_section fb_built=&#8221;1&#8243; _builder_version=&#8221;4.16&#8243; _module_preset=&#8221;default&#8221; global_colors_info=&#8221;{}&#8221;][et_pb_row _builder_version=&#8221;4.16&#8243; _module_preset=&#8221;default&#8221; global_colors_info=&#8221;{}&#8221;][et_pb_column type=&#8221;4_4&#8243; _builder_version=&#8221;4.16&#8243; _module_preset=&#8221;default&#8221; global_colors_info=&#8221;{}&#8221;][et_pb_text _builder_version=&#8221;4.27.5&#8243; _module_preset=&#8221;default&#8221; text_font_size=&#8221;16px&#8221; hover_enabled=&#8221;0&#8243; global_colors_info=&#8221;{}&#8221; sticky_enabled=&#8221;0&#8243;]<\/p>\n<h2><strong>POLITICA DE UTILIZARE A COOKIE-URILOR<\/strong><\/h2>\n<p>&nbsp;<\/p>\n<p>Un cookie este un fi\u0219ier text de mici dimensiuni, format din litere \u0219i numere, care este stocat pe computerul, laptopul, tableta sau dispozitivul mobil ale utilizatorului care acceseaz\u0103 diferite site-uri pe internet \u0219i cam toate site-urile din lume le folosesc. Cookie-ul este plasat la solicitarea emis\u0103 de c\u0103tre browser (ex. Internet Explorer, Chrome, Mozilla) \u0219i este complet \u201cpasiv\u201d (nu con\u021bine programe software, NU poate accesa fi\u0219ierele de pe computer \u0219i NU d\u0103uneaz\u0103). Acestea pot s\u0103 con\u021bin\u0103 informa\u021bii referitoare la activitatea ta pe site-ul respectiv, cum ar fi paginile accesate, perioada petrecut\u0103 pe o anumit\u0103 pagin\u0103 etc.<\/p>\n<p>Folosim aceste cookie-uri pentru a-\u021bi oferi o navigare c\u00e2t mai bun\u0103 pe site \/ \u00een scop statistic \/ pentru a optimiza \/ pentru a oferi con\u021binut util personalizat.<\/p>\n<p>&nbsp;<\/p>\n<p><strong>Ce cookie-uri folosim \u0219i \u00een ce scopuri?<\/strong><\/p>\n<p>a. Cookie-uri Esen\u021biale, care sunt necesare pentru buna func\u021bionare a site-ului \u0219i care permit folosirea caracteristicilor sale. Aceste cookie-uri nu stocheaz\u0103 nici o informa\u021bie de identificare personal\u0103.<\/p>\n<p>b. Cookie-uri de Performan\u021b\u0103 sau Analiz\u0103, cu ajutorul c\u0103rora urm\u0103rim statisticile de pe site, cum ar fi num\u0103rul de vizite, paginile sau accesate, durata unei vizite pe site, sursele de trafic, astfel \u00eenc\u00e2t s\u0103 putem s\u0103 m\u0103sur\u0103m \u0219i s\u0103 \u00eembun\u0103t\u0103\u021bim performan\u021ba site-ului. Aceste informa\u021bii colectate sunt anonime, prin urmare nu te pot identifica ca persoan\u0103. De ex. \u00een acest moment, pentru urm\u0103rirea statisticilor folosim Google Analytics.<\/p>\n<p>c. Cookie-uri de Publicitate, care pot fi setate pe website-ul nostru de la partenerii de publicitate. Acestea ne ajut\u0103 s\u0103 furniz\u0103m anun\u021buri \u0219i informa\u021bii personalizate, \u00een func\u021bie de preferin\u021bele utilizatorului \u0219i s\u0103 evalu\u0103m eficacitatea acelui con\u021binut. Nu stocheaz\u0103 informa\u021bii personale \u00een mod direct. De ex. \u00een acest moment folosim Facebook Pixel, care plaseaz\u0103 astfel de cookie-uri de publicitate.<\/p>\n<p>\u00cen momentul \u00een care vom \u00eencepe s\u0103 folosim \u0219i alte tipuri de cookies, vom completa aceast\u0103 list\u0103, precum \u0219i scopul acestora.<\/p>\n<p>&nbsp;<\/p>\n<p><strong>Cum po\u021bi s\u0103 controlezi cookie-urile<\/strong><\/p>\n<p>Toate browserele moderne ofer\u0103 posibilitatea de a schimba set\u0103rile cookie-urilor. Aceste set\u0103ri se reg\u0103sesc de obicei \u00een cadrul sec\u021biunii \u201cSettings\u201d, urmat\u0103 de subsec\u021biunea\u00a0\u201cConfiden\u021bialitate \u0219i Securitate\u201d. Po\u021bi s\u0103 controlezi sau s\u0103 stergi unele sau toate cookie-urile dup\u0103 cum dore\u0219ti. Pentru mai multe detalii, consult\u0103 site-ul \u201chttps:\/\/www.aboutcookies.org\/how-to-manage-and-delete-cookies\u201d, care ofer\u0103 toate informa\u021biile pentru gestionarea cookie-urilor \u00een browserele cunoscute. De asemenea po\u021bi s\u0103 setezi majoritatea browserelor s\u0103 blocheze plasarea acestora, dar este important de re\u021binut c\u0103 dac\u0103 faci acest lucru, cel mai probabil va fi nevoie s\u0103 setezi manual preferin\u021bele de fiecare dat\u0103 c\u00e2nd vizitezi site-ul, iar unele op\u021biuni s-ar putea s\u0103 nu func\u021bioneze.<\/p>\n<p>[\/et_pb_text][\/et_pb_column][\/et_pb_row][\/et_pb_section]<\/p>\n","protected":false},"excerpt":{"rendered":"<p>POLITICA DE UTILIZARE A COOKIE-URILOR &nbsp; Un cookie este un fi\u0219ier text de mici dimensiuni, format din litere \u0219i numere, care este stocat pe computerul, laptopul, tableta sau dispozitivul mobil ale utilizatorului care acceseaz\u0103 diferite site-uri pe internet \u0219i cam toate site-urile din lume le folosesc. Cookie-ul este plasat la solicitarea emis\u0103 de c\u0103tre browser [&hellip;]<\/p>\n","protected":false},"author":1,"featured_media":0,"parent":0,"menu_order":0,"comment_status":"closed","ping_status":"closed","template":"","meta":{"_et_pb_use_builder":"on","_et_pb_old_content":"","_et_gb_content_width":"","footnotes":""},"class_list":["post-107591","page","type-page","status-publish","hentry"],"yoast_head":"<!-- This site is optimized with the Yoast SEO plugin v26.8 - https:\/\/yoast.com\/product\/yoast-seo-wordpress\/ -->\n<title>Cookie | Timberstar<\/title>\n<meta name=\"description\" content=\"...\" \/>\n<meta name=\"robots\" content=\"index, follow, max-snippet:-1, max-image-preview:large, max-video-preview:-1\" \/>\n<link rel=\"canonical\" href=\"https:\/\/t-med.ro\/c\/cookie\/\" \/>\n<meta property=\"og:locale\" content=\"en_US\" \/>\n<meta property=\"og:type\" content=\"article\" \/>\n<meta property=\"og:title\" content=\"Cookie | Timberstar\" \/>\n<meta property=\"og:description\" content=\"...\" \/>\n<meta property=\"og:url\" content=\"https:\/\/t-med.ro\/c\/cookie\/\" \/>\n<meta property=\"og:site_name\" content=\"Timberstar Blog\" \/>\n<meta property=\"article:modified_time\" content=\"2026-02-12T23:37:01+00:00\" \/>\n<meta name=\"twitter:card\" content=\"summary_large_image\" \/>\n<meta name=\"twitter:label1\" content=\"Est. reading time\" \/>\n\t<meta name=\"twitter:data1\" content=\"2 minutes\" \/>\n<script type=\"application\/ld+json\" class=\"yoast-schema-graph\">{\"@context\":\"https:\/\/schema.org\",\"@graph\":[{\"@type\":\"WebPage\",\"@id\":\"https:\/\/t-med.ro\/c\/cookie\/\",\"url\":\"https:\/\/t-med.ro\/c\/cookie\/\",\"name\":\"Cookie | Timberstar\",\"isPartOf\":{\"@id\":\"https:\/\/t-med.ro\/c\/#website\"},\"datePublished\":\"2026-02-12T23:35:28+00:00\",\"dateModified\":\"2026-02-12T23:37:01+00:00\",\"description\":\"...\",\"breadcrumb\":{\"@id\":\"https:\/\/t-med.ro\/c\/cookie\/#breadcrumb\"},\"inLanguage\":\"en-US\",\"potentialAction\":[{\"@type\":\"ReadAction\",\"target\":[\"https:\/\/t-med.ro\/c\/cookie\/\"]}]},{\"@type\":\"BreadcrumbList\",\"@id\":\"https:\/\/t-med.ro\/c\/cookie\/#breadcrumb\",\"itemListElement\":[{\"@type\":\"ListItem\",\"position\":1,\"name\":\"Home\",\"item\":\"https:\/\/t-med.ro\/c\/\"},{\"@type\":\"ListItem\",\"position\":2,\"name\":\"Cookie\"}]},{\"@type\":\"WebSite\",\"@id\":\"https:\/\/t-med.ro\/c\/#website\",\"url\":\"https:\/\/t-med.ro\/c\/\",\"name\":\"Timberstar Blog\",\"description\":\"\",\"potentialAction\":[{\"@type\":\"SearchAction\",\"target\":{\"@type\":\"EntryPoint\",\"urlTemplate\":\"https:\/\/t-med.ro\/c\/?s={search_term_string}\"},\"query-input\":{\"@type\":\"PropertyValueSpecification\",\"valueRequired\":true,\"valueName\":\"search_term_string\"}}],\"inLanguage\":\"en-US\"}]}<\/script>\n<!-- \/ Yoast SEO plugin. -->","yoast_head_json":{"title":"Cookie | Timberstar","description":"...","robots":{"index":"index","follow":"follow","max-snippet":"max-snippet:-1","max-image-preview":"max-image-preview:large","max-video-preview":"max-video-preview:-1"},"canonical":"https:\/\/t-med.ro\/c\/cookie\/","og_locale":"en_US","og_type":"article","og_title":"Cookie | Timberstar","og_description":"...","og_url":"https:\/\/t-med.ro\/c\/cookie\/","og_site_name":"Timberstar Blog","article_modified_time":"2026-02-12T23:37:01+00:00","twitter_card":"summary_large_image","twitter_misc":{"Est. reading time":"2 minutes"},"schema":{"@context":"https:\/\/schema.org","@graph":[{"@type":"WebPage","@id":"https:\/\/t-med.ro\/c\/cookie\/","url":"https:\/\/t-med.ro\/c\/cookie\/","name":"Cookie | Timberstar","isPartOf":{"@id":"https:\/\/t-med.ro\/c\/#website"},"datePublished":"2026-02-12T23:35:28+00:00","dateModified":"2026-02-12T23:37:01+00:00","description":"...","breadcrumb":{"@id":"https:\/\/t-med.ro\/c\/cookie\/#breadcrumb"},"inLanguage":"en-US","potentialAction":[{"@type":"ReadAction","target":["https:\/\/t-med.ro\/c\/cookie\/"]}]},{"@type":"BreadcrumbList","@id":"https:\/\/t-med.ro\/c\/cookie\/#breadcrumb","itemListElement":[{"@type":"ListItem","position":1,"name":"Home","item":"https:\/\/t-med.ro\/c\/"},{"@type":"ListItem","position":2,"name":"Cookie"}]},{"@type":"WebSite","@id":"https:\/\/t-med.ro\/c\/#website","url":"https:\/\/t-med.ro\/c\/","name":"Timberstar Blog","description":"","potentialAction":[{"@type":"SearchAction","target":{"@type":"EntryPoint","urlTemplate":"https:\/\/t-med.ro\/c\/?s={search_term_string}"},"query-input":{"@type":"PropertyValueSpecification","valueRequired":true,"valueName":"search_term_string"}}],"inLanguage":"en-US"}]}},"_links":{"self":[{"href":"https:\/\/t-med.ro\/c\/wp-json\/wp\/v2\/pages\/107591","targetHints":{"allow":["GET"]}}],"collection":[{"href":"https:\/\/t-med.ro\/c\/wp-json\/wp\/v2\/pages"}],"about":[{"href":"https:\/\/t-med.ro\/c\/wp-json\/wp\/v2\/types\/page"}],"author":[{"embeddable":true,"href":"https:\/\/t-med.ro\/c\/wp-json\/wp\/v2\/users\/1"}],"replies":[{"embeddable":true,"href":"https:\/\/t-med.ro\/c\/wp-json\/wp\/v2\/comments?post=107591"}],"version-history":[{"count":3,"href":"https:\/\/t-med.ro\/c\/wp-json\/wp\/v2\/pages\/107591\/revisions"}],"predecessor-version":[{"id":107594,"href":"https:\/\/t-med.ro\/c\/wp-json\/wp\/v2\/pages\/107591\/revisions\/107594"}],"wp:attachment":[{"href":"https:\/\/t-med.ro\/c\/wp-json\/wp\/v2\/media?parent=107591"}],"curies":[{"name":"wp","href":"https:\/\/api.w.org\/{rel}","templated":true}]}}